{"id":655,"date":"2023-10-04T14:37:33","date_gmt":"2023-10-04T19:37:33","guid":{"rendered":"https:\/\/lunararivieramaya.com\/aviso-de-privacidad\/"},"modified":"2023-10-17T15:20:10","modified_gmt":"2023-10-17T20:20:10","slug":"notice-of-privacy","status":"publish","type":"page","link":"https:\/\/lunararivieramaya.com\/en\/notice-of-privacy\/","title":{"rendered":"Notice of Privacy"},"content":{"rendered":"\n<section style=\"background-color:#fafafa\" class=\"wp-block-agctexdomain-wrapper-agcblocks alignwide paddingTopBottom80 paddingTopBottomTablet50 paddingTopBottomMobile50 paddingLeftRight0 paddingLeftRightTablet0 paddingLeftRightMobile0 backgroundNoRepeat backgroundCover alturaDefault\"><div class=\"container\"><div class=\"wrapper-inner-blocks\">\n<section class=\"wp-block-agctexdomain-columnas-agcblocks alignwide columnas col-1 col-1-a paddingTopBottom0 paddingTopBottomTablet0 paddingTopBottomMobile0 alturaDefault\"><div class=\"container\">\n<div class=\"wp-block-agctexdomain-columna-agcblocks Columna ag-animation css-animacionNone alineacion-vertical-top\" data-ag-animation=\"animacionNone\" style=\"text-align:left\"><div class=\"ColumnaContent paddingTopBottom0 paddingTopBottomTablet0 paddingTopBottomMobile0 paddingLeftRight20 paddingLeftRightTablet20 paddingLeftRightMobile20\">\n<h1 class=\"wp-block-heading MediumText has-color-1-color has-text-color\"><strong>Aviso de privacidad<\/strong><\/h1>\n\n\n\n<div style=\"height:20px\" aria-hidden=\"true\" class=\"wp-block-spacer\"><\/div>\n\n\n\n<p><strong>AVISO DE PRIVACIDAD INTEGRAL CLIENTES<br>Four Cardinals Developments Mexico SA de CV<\/strong><\/p>\n\n\n\n<p>Con fundamento en los art\u00edculos 15, 16 y dem\u00e1s aplicables de la Ley Federal de Protecci\u00f3n de Datos Personales en Posesi\u00f3n de Particulares (la \u201cLey\u201d) y su reglamento hacemos de su conocimiento que Four Cardinals Developments Mexico SA de CV, con domicilio Avenida ej\u00e9rcito nacional numero 678 dpto 302, Miguel Hidalgo, Ciudad de M\u00e9xico, CP 11550, mismo que est\u00e1 destinado para o\u00edr y recibir notificaciones, es el responsable del uso y protecci\u00f3n datos personales, y al respecto le informa lo siguiente:<br><br><strong>I. finalidades Primarias&nbsp;<br><\/strong>Los datos personales que recabaremos de usted ser\u00e1n utilizados para las siguientes finalidades, que son necesarias para llevar a cabo y mantener la relaci\u00f3n jur\u00eddica entre el responsable y el titular, para as\u00ed poder brindarle el servicio que solicita: servicio de venta de bienes inmuebles, para la creaci\u00f3n, actualizaci\u00f3n, y conservaci\u00f3n de un expediente de identificaci\u00f3n, para expedir la factura que corresponda a su compra, mantener comunicaci\u00f3n a fin brindar un mejor servicio y dar cumplimiento a leyes federales y locales.<br><br><strong>II. Finalidades Secundarias<br><\/strong>De manera adicional, utilizaremos su informaci\u00f3n personal para las siguientes finalidades que no son necesarias para el servicio solicitado, pero que nos permiten y facilitan brindarle una mejor atenci\u00f3n:&nbsp;<br>\u2022 Para fines mercadot\u00e9cnicos, publicitarios o de prospecci\u00f3n&nbsp;<br>\u2022 notificarle sobre nuevos servicios o productos que tengan relaci\u00f3n con los ya contratados, con los que se considere puedan ser de su inter\u00e9s o bien comunicarle cambios en los mismos;&nbsp;<br>\u2022 realizar evaluaciones peri\u00f3dicas de nuestros productos y servicios a efecto de mejorar la calidad de los mismos. En caso de que no desee que sus datos personales sean tratados para estos fines adicionales, usted puede manifestar su negativa a trav\u00e9s de:&nbsp;<\/p>\n\n\n\n<p>Escrito libre firmado por su titular o representante con facultades enviado por correo electr\u00f3nico a la siguiente direcci\u00f3n<br>Info@lunararivieramaya.com<\/p>\n\n\n\n<p>La negativa para el uso de sus datos personales para estas finalidades accesorias no podr\u00e1 ser un motivo para que le neguemos los servicios y productos que solicita o contrata con nosotros.<br><br><strong>III. Datos Objeto de Tratamiento<br><\/strong>Para llevar a cabo las finalidades descritas en el presente aviso de privacidad, utilizaremos los siguientes datos personales:<\/p>\n\n\n\n<p>\u2022 Datos de identificaci\u00f3n: nombre, lugar y fecha de nacimiento, nacionalidad, Registro Federal de Contribuyentes (RFC), Clave \u00danica de Registro de Poblaci\u00f3n (CURP), n\u00famero de identificaci\u00f3n vigente.&nbsp;<br>\u2022 Datos de contacto: domicilio, tel\u00e9fono fijo, m\u00f3vil, correo electr\u00f3nico.<br>\u2022 Datos de informaci\u00f3n Bancaria<br><br><strong>IV. Transferencia de Datos<br><\/strong>Nos comprometemos a no transferir sus datos personales a terceros sin su consentimiento, salvo las excepciones previstas en el art\u00edculo 37 de la Ley, as\u00ed como a realizar esta transferencia en los t\u00e9rminos que fija dicho ordenamiento legal.<br><br><strong>V. Medios de Obtenci\u00f3n de datos personales<br><\/strong>Para las finalidades se\u00f1aladas en el presente aviso de privacidad podemos recabar sus datos personales de distintas formas: de manera directa en las oficinas y puntos de venta, v\u00eda p\u00e1gina web, otras fuentes p\u00fablicas permitidas por la Ley.<br><br><strong>VI. Derechos ARCO y\/o revocaci\u00f3n de consentimiento<br><\/strong>Hacemos de su conocimiento que en cualquier momento usted tiene derecho al Acceso, Rectificaci\u00f3n, Cancelaci\u00f3n u Oposici\u00f3n sobre el tratamiento de sus datos personales (derechos ARCO). Usted podr\u00e1 hacer ejercicio de sus derechos ARCO, as\u00ed como revocar el consentimiento que, en su caso, nos haya otorgado para el tratamiento de sus datos personales. Sin embargo, es importante que tenga en cuenta que no en todos los casos podremos atender su solicitud o concluir el uso de forma inmediata, ya que es posible que por alguna obligaci\u00f3n legal requiramos seguir tratando sus datos personales.<\/p>\n\n\n\n<p>Para que usted pueda ejercer sus derechos ARCO y\/o Revocar su consentimiento al tratamiento de sus datos personales puede hacerlo mediante escrito libre firmado por su titular o representante con facultades enviado por correo electr\u00f3nico a la siguiente direcci\u00f3n: Info@lunararivieramaya.com . La solicitud debe contener y acompa\u00f1ar lo siguiente:<\/p>\n\n\n\n<p>El nombre del titular de los datos personales<br>2. N\u00famero telef\u00f3nico y correo electr\u00f3nico.<br>La descripci\u00f3n clara y precisa de los datos personales respecto de los cuales se busca ejercer alguno de los derechos antes mencionados. Cualquier otro elemento o documento que facilite la localizaci\u00f3n de los datos personales<br>Identificaci\u00f3n del solicitante o documento con facultades necesarias para ejercer el derecho en nombre de un tercero<br>En el caso de solicitudes de Rectificaci\u00f3n de datos personales, el titular deber\u00e1 indicar adem\u00e1s de lo se\u00f1alado en los numerales 1,2,3 y 4, las modificaciones a realizarse.<br>A partir de la recepci\u00f3n, Four Cardinals Developments Mexico SA de CV, tendr\u00e1 un plazo de 20 d\u00edas h\u00e1biles para responder a su solicitud, sin embargo, dicho plazo podr\u00e1 ser ampliado por un periodo de tiempo igual, lo que le ser\u00e1 notificado, por el medio que usted nos haya indicado para tales efectos, se\u00f1alando las razones de dicha ampliaci\u00f3n, de conformidad con el art\u00edculo 32 de la Ley Federal de Protecci\u00f3n de Datos Personales en Posesi\u00f3n de los Particulares.<\/p>\n\n\n\n<p>En caso de que la informaci\u00f3n proporcionada en la solicitud sea insuficiente o err\u00f3nea para atenderla, o bien, no est\u00e9 acompa\u00f1ada de los documentos a los que se hace referencia, o no indique claramente las modificaciones a realizarse, el responsable podr\u00e1 requerir del titular, por una vez y dentro de los cinco d\u00edas siguientes a la recepci\u00f3n de la solicitud que aporte los elementos o documentos necesarios para dar tr\u00e1mite a su solicitud. El titular cotara con diez d\u00edas para cumplir con el requerimiento, contados a partir de que reciba la solicitud. De no dar respuesta en dicho plazo, se tendr\u00e1 por no presentada la solicitud correspondiente.<\/p>\n\n\n\n<p><strong>VII. Limitaci\u00f3n en el uso o divulgaci\u00f3n de datos personales<br><\/strong>Adem\u00e1s del ejercicio de los derechos ARCO y la Revocaci\u00f3n del consentimiento, es posible limitar el uso y divulgaci\u00f3n de la informaci\u00f3n personal mediante los siguientes mecanismos:<\/p>\n\n\n\n<p>La inscripci\u00f3n en el Registro P\u00fablico para Evitar Publicidad (REPEP), que est\u00e1 a cargo de la Procuradur\u00eda Federal del Consumidor (PROFECO), o en el Registro P\u00fablico de Usuarios (REUS) de la Comisi\u00f3n Nacional para la Protecci\u00f3n y Defensa de los Usuarios de Servicios Financieros (CONDUSEF)<\/p>\n\n\n\n<p>El registro en el listado de exclusi\u00f3n de Four Cardinals Developments Mexico SA de CV, a fin de que sus datos personales no sean tratados para fines mercadot\u00e9cnicos, publicitarios o de prospecci\u00f3n comercial por parte del responsable. Para lo que podr\u00e1 solicitar su inscripci\u00f3n al \u00e1rea de cumplimiento.<br><br><strong>VIII. Uso de tecnolog\u00edas de rastreo en el portal de internet (Cookies, web beacons)<br><\/strong>Por este medio le informamos que en la siguiente direcci\u00f3n electr\u00f3nica www.lunararivieramaya.com; se hace uso de cookies, web beacons o tecnolog\u00edas similares mediante las cuales se obtienen datos personales.<br><br><strong>IX. Cambios en el aviso de privacidad<br><\/strong>El presente aviso de privacidad puede sufrir modificaciones, cambios o actualizaciones derivadas de nuevos requerimientos legales; de nuestras propias necesidades por los servicios que ofrecemos; de nuestras pr\u00e1cticas de privacidad; de cambios en nuestro modelo de negocio, o por otras causas. Nos comprometemos a mantenerlo informado sobre los cambios que pueda sufrir el presente aviso de privacidad, mediante su publicaci\u00f3n en nuestra p\u00e1gina de internet&nbsp;www.lunararivieramaya.com<br><br><strong>X. Consentimiento<br><\/strong>Como titular, otorgo mi consentimiento para que mis datos personales sean tratados conforme a lo se\u00f1alado en el presente aviso de privacidad.<\/p>\n\n\n\n<p><strong>XI. Descripci\u00f3n Link de Pago:<\/strong><br>Pago correspondiente a la mensualidad\/enganche de la compra de lote en el proyecto<br><br><strong>XII. Pol\u00edtica de devoluci\u00f3n \/cancelaci\u00f3n:<br><\/strong>Para cualquier cancelaci\u00f3n y\/o devoluci\u00f3n, el promitente comprador deber\u00e1 acogerse a lo estipulado en el contrato promesa de compraventa firmado por ambas partes y notificarlo v\u00eda correo electr\u00f3nica a: adminventas@lunararivieramaya.com<\/p>\n<\/div> <\/div>\n<\/div> <div class=\"bg-forma bg-forma-display-none\"><\/div><\/section>\n<\/div><\/div> <div class=\"bg-forma\"><\/div><\/section>\n","protected":false},"excerpt":{"rendered":"","protected":false},"author":1,"featured_media":0,"parent":0,"menu_order":0,"comment_status":"closed","ping_status":"open","template":"","meta":{"_acf_changed":false,"footnotes":""},"class_list":["post-655","page","type-page","status-publish","hentry"],"acf":[],"_links":{"self":[{"href":"https:\/\/lunararivieramaya.com\/en\/wp-json\/wp\/v2\/pages\/655","targetHints":{"allow":["GET"]}}],"collection":[{"href":"https:\/\/lunararivieramaya.com\/en\/wp-json\/wp\/v2\/pages"}],"about":[{"href":"https:\/\/lunararivieramaya.com\/en\/wp-json\/wp\/v2\/types\/page"}],"author":[{"embeddable":true,"href":"https:\/\/lunararivieramaya.com\/en\/wp-json\/wp\/v2\/users\/1"}],"replies":[{"embeddable":true,"href":"https:\/\/lunararivieramaya.com\/en\/wp-json\/wp\/v2\/comments?post=655"}],"version-history":[{"count":1,"href":"https:\/\/lunararivieramaya.com\/en\/wp-json\/wp\/v2\/pages\/655\/revisions"}],"predecessor-version":[{"id":656,"href":"https:\/\/lunararivieramaya.com\/en\/wp-json\/wp\/v2\/pages\/655\/revisions\/656"}],"wp:attachment":[{"href":"https:\/\/lunararivieramaya.com\/en\/wp-json\/wp\/v2\/media?parent=655"}],"curies":[{"name":"wp","href":"https:\/\/api.w.org\/{rel}","templated":true}]}}