{"id":652,"date":"2023-10-05T18:00:48","date_gmt":"2023-10-05T23:00:48","guid":{"rendered":"https:\/\/lunararivieramaya.com\/quienes-somos\/"},"modified":"2023-10-18T12:43:58","modified_gmt":"2023-10-18T17:43:58","slug":"about-us","status":"publish","type":"page","link":"https:\/\/lunararivieramaya.com\/en\/about-us\/","title":{"rendered":"About us"},"content":{"rendered":"\n<section class=\"wp-block-agctexdomain-wrapper-agcblocks alignwide paddingTopBottom0 paddingTopBottomTablet0 paddingTopBottomMobile0 paddingLeftRight0 paddingLeftRightTablet0 paddingLeftRightMobile0 backgroundNoRepeat backgroundCover alturaDefault\"><div class=\"bg-cover-image backgroundNoRepeat backgroundCover\" style=\"background-image:url(https:\/\/lunararivieramaya.com\/wp-content\/uploads\/2023\/10\/lunara-home-02.jpg)\"><\/div><div class=\"container\"><div class=\"wrapper-inner-blocks\">\n<section class=\"wp-block-agctexdomain-columnas-agcblocks alignwide columnas col-1 col-1-a paddingTopBottom0 paddingTopBottomTablet0 paddingTopBottomMobile0 alturaDefault\"><div class=\"container\">\n<div class=\"wp-block-agctexdomain-columna-agcblocks Columna ag-animation css-animacionNone alineacion-vertical-top center-flex-movil\" data-ag-animation=\"animacionNone\" style=\"text-align:left;color:#ffffff\"><div class=\"ColumnaContent paddingTopBottom0 paddingTopBottomTablet0 paddingTopBottomMobile0 paddingLeftRight20 paddingLeftRightTablet20 paddingLeftRightMobile20\">\n<div style=\"height:400px\" aria-hidden=\"true\" class=\"wp-block-spacer espaciador-quines-somos-01\"><\/div>\n\n\n<div class=\"wp-block-image\">\n<figure class=\"aligncenter size-full is-resized\"><img loading=\"lazy\" decoding=\"async\" width=\"456\" height=\"118\" src=\"https:\/\/lunararivieramaya.com\/wp-content\/uploads\/2023\/10\/Logotipo4Cardinals.png\" alt=\"\" class=\"wp-image-336\" style=\"width:343px;height:89px\" srcset=\"https:\/\/lunararivieramaya.com\/wp-content\/uploads\/2023\/10\/Logotipo4Cardinals.png 456w, https:\/\/lunararivieramaya.com\/wp-content\/uploads\/2023\/10\/Logotipo4Cardinals-320x83.png 320w\" sizes=\"auto, (max-width: 456px) 100vw, 456px\" \/><\/figure>\n<\/div><\/div> <\/div>\n<\/div> <div class=\"bg-forma bg-forma-display-none\"><\/div><\/section>\n<\/div><\/div><div class=\"overlay\" style=\"opacity:0.22;background-color:#000000\"><\/div><div class=\"bg-forma\"><\/div><\/section>\n\n\n\n<section class=\"wp-block-agctexdomain-wrapper-agcblocks alignwide paddingTopBottom50 paddingTopBottomTablet50 paddingTopBottomMobile50 paddingLeftRight0 paddingLeftRightTablet0 paddingLeftRightMobile0 backgroundNoRepeat backgroundCover alturaDefault\"><div class=\"container\"><div class=\"wrapper-inner-blocks\">\n<section class=\"wp-block-agctexdomain-columnas-agcblocks alignwide columnas col-1 col-1-a paddingTopBottom0 paddingTopBottomTablet0 paddingTopBottomMobile0 alturaDefault\"><div class=\"container\">\n<div class=\"wp-block-agctexdomain-columna-agcblocks Columna ag-animation css-animacionNone alineacion-vertical-top\" data-ag-animation=\"animacionNone\" style=\"text-align:left\"><div class=\"ColumnaContent paddingTopBottom0 paddingTopBottomTablet0 paddingTopBottomMobile0 paddingLeftRight20 paddingLeftRightTablet20 paddingLeftRightMobile20\">\n<h1 class=\"wp-block-heading has-text-align-center\" style=\"text-transform:uppercase\">Passion for  Excellence<\/h1>\n\n\n\n<div style=\"height:15px\" aria-hidden=\"true\" class=\"wp-block-spacer\"><\/div>\n<\/div> <\/div>\n<\/div> <div class=\"bg-forma bg-forma-display-none\"><\/div><\/section>\n\n\n\n<section class=\"wp-block-agctexdomain-columnas-agcblocks alignwide columnas col-2 col-2-a paddingTopBottom0 paddingTopBottomTablet0 paddingTopBottomMobile0 alturaDefault\"><div class=\"container\">\n<div class=\"wp-block-agctexdomain-columna-agcblocks Columna ag-animation css-animacionNone alineacion-vertical-top\" data-ag-animation=\"animacionNone\" style=\"text-align:left\"><div class=\"ColumnaContent paddingTopBottom0 paddingTopBottomTablet0 paddingTopBottomMobile0 paddingLeftRight20 paddingLeftRightTablet20 paddingLeftRightMobile20\">\n<p class=\"is-style-justificar\">Four Cardinals, the developer of LUNARA, emerges as a developer group with a strong track record and a 25-year legacy in the residential and hotel industry.<\/p>\n\n\n\n<p class=\"is-style-justificar\">The founding partners have been instrumental in a series of projects both in the Riviera Maya and other tourist regions of the country, with <strong>Lunara Riviera Maya<\/strong> serving as a prime example of planned development, characterized by great success in planning, marketing, and value generation for customers.<\/p>\n\n\n\n<p><\/p>\n<\/div> <\/div>\n\n\n\n<div class=\"wp-block-agctexdomain-columna-agcblocks Columna ag-animation css-animacionNone alineacion-vertical-top\" data-ag-animation=\"animacionNone\" style=\"text-align:left\"><div class=\"ColumnaContent paddingTopBottom0 paddingTopBottomTablet0 paddingTopBottomMobile0 paddingLeftRight20 paddingLeftRightTablet20 paddingLeftRightMobile20\">\n<p>Four Cardinals focuses on creating comprehensive projects. These projects encompass all aspects of development through their four fundamental pillars:<\/p>\n\n\n\n<ol class=\"wp-block-list\">\n<li>Pricing, positioning, and marketing definition.<\/li>\n\n\n\n<li>Executive project development and construction management.<\/li>\n\n\n\n<li>Administration, control, and development management across all phases.<\/li>\n\n\n\n<li>Land analysis, due diligence, permits, and project conceptualization.<\/li>\n<\/ol>\n<\/div> <\/div>\n<\/div> <div class=\"bg-forma bg-forma-display-none\"><\/div><\/section>\n<\/div><\/div> <div class=\"bg-forma\"><\/div><\/section>\n\n\n\n<section class=\"wp-block-agctexdomain-wrapper-agcblocks alignwide paddingTopBottom50 paddingTopBottomTablet50 paddingTopBottomMobile50 paddingLeftRight0 paddingLeftRightTablet0 paddingLeftRightMobile0 backgroundNoRepeat backgroundCover alturaDefault\"><div class=\"bg-cover-image backgroundNoRepeat backgroundCover\" style=\"background-image:url(https:\/\/lunararivieramaya.com\/wp-content\/uploads\/2023\/10\/bg-footer.jpg)\"><\/div><div class=\"container\"><div class=\"wrapper-inner-blocks\" style=\"max-width:800px\">\n<section class=\"wp-block-agctexdomain-columnas-agcblocks alignwide columnas col-1 col-1-a paddingTopBottom0 paddingTopBottomTablet0 paddingTopBottomMobile0 alturaDefault\"><div class=\"container\">\n<div class=\"wp-block-agctexdomain-columna-agcblocks Columna ag-animation css-animacionNone alineacion-vertical-top\" data-ag-animation=\"animacionNone\" style=\"text-align:left;color:#ffffff\"><div class=\"ColumnaContent paddingTopBottom0 paddingTopBottomTablet0 paddingTopBottomMobile0 paddingLeftRight20 paddingLeftRightTablet20 paddingLeftRightMobile20\">\n<h2 class=\"wp-block-heading has-text-align-center\" style=\"text-transform:uppercase\">our Purpose<\/h2>\n\n\n\n<div style=\"height:15px\" aria-hidden=\"true\" class=\"wp-block-spacer\"><\/div>\n\n\n\n<p class=\"is-style-justificar\">Our mission is clear: to create residential developments that add value for our partners, owners, and customers. We design spaces with amenities and services that enhance life while maintaining superior standards of infrastructure and urbanization.<\/p>\n\n\n\n<p class=\"is-style-justificar\">Furthermore, we are committed to providing a customer-centric after-sales service with the aim of being recognized in the region as a leading development group, creating value for all parties involved.<\/p>\n<\/div> <\/div>\n<\/div> <div class=\"bg-forma bg-forma-display-none\"><\/div><\/section>\n<\/div><\/div> <div class=\"bg-forma\"><\/div><\/section>\n\n\n\n<section style=\"background-color:#f1f1f1\" class=\"wp-block-agctexdomain-wrapper-agcblocks alignwide paddingTopBottom50 paddingTopBottomTablet50 paddingTopBottomMobile50 paddingLeftRight0 paddingLeftRightTablet0 paddingLeftRightMobile0 backgroundNoRepeat backgroundCover alturaDefault\"><div class=\"container\"><div class=\"wrapper-inner-blocks\">\n<section class=\"wp-block-agctexdomain-columnas-agcblocks alignwide columnas col-2 col-2-a paddingTopBottom0 paddingTopBottomTablet0 paddingTopBottomMobile0 alturaDefault\"><div class=\"container\">\n<div class=\"wp-block-agctexdomain-columna-agcblocks Columna ag-animation css-animacionNone alineacion-vertical-top\" data-ag-animation=\"animacionNone\" style=\"text-align:left\"><div class=\"ColumnaContent paddingTopBottom0 paddingTopBottomTablet0 paddingTopBottomMobile0 paddingLeftRight20 paddingLeftRightTablet20 paddingLeftRightMobile20\">\n<h2 class=\"wp-block-heading has-color-1-color has-text-color\" style=\"text-transform:uppercase\">Defining Values<\/h2>\n\n\n\n<div style=\"height:15px\" aria-hidden=\"true\" class=\"wp-block-spacer\"><\/div>\n\n\n\n<p>Guided by our values, we build a solid foundation for our work:<\/p>\n\n\n\n<ul class=\"is-style-ListCircle wp-block-list\">\n<li><strong>Quality: <\/strong>We strive to exceed expectations in every project.<\/li>\n\n\n\n<li><strong>Innovation: <\/strong>We seek new ways to improve and excel in the industry.<\/li>\n\n\n\n<li><strong>Humanity: <\/strong>We value relationships and the importance of each individual in our process.<\/li>\n\n\n\n<li><strong>Ethics: <\/strong>We operate with integrity and transparency in all interactions.<\/li>\n\n\n\n<li><strong>Professionalism: <\/strong>We act with responsibility and competence at every step.<\/li>\n\n\n\n<li><strong>Customer service: <\/strong>We place the needs of our customers at the center of everything we do.<\/li>\n<\/ul>\n<\/div> <\/div>\n\n\n\n<div class=\"wp-block-agctexdomain-columna-agcblocks Columna ag-animation css-animacionNone alineacion-vertical-center\" data-ag-animation=\"animacionNone\" style=\"text-align:left\"><div class=\"ColumnaContent paddingTopBottom0 paddingTopBottomTablet0 paddingTopBottomMobile0 paddingLeftRight20 paddingLeftRightTablet20 paddingLeftRightMobile20\">\n<figure class=\"wp-block-image size-full\"><img loading=\"lazy\" decoding=\"async\" width=\"633\" height=\"428\" src=\"https:\/\/lunararivieramaya.com\/wp-content\/uploads\/2023\/10\/sector1.png\" alt=\"\" class=\"wp-image-351\" srcset=\"https:\/\/lunararivieramaya.com\/wp-content\/uploads\/2023\/10\/sector1.png 633w, https:\/\/lunararivieramaya.com\/wp-content\/uploads\/2023\/10\/sector1-320x216.png 320w\" sizes=\"auto, (max-width: 633px) 100vw, 633px\" \/><\/figure>\n<\/div> <\/div>\n<\/div> <div class=\"bg-forma bg-forma-display-none\"><\/div><\/section>\n<\/div><\/div> <div class=\"bg-forma\"><\/div><\/section>\n\n\n\n<section class=\"wp-block-agctexdomain-wrapper-agcblocks alignwide paddingTopBottom50 paddingTopBottomTablet50 paddingTopBottomMobile50 paddingLeftRight0 paddingLeftRightTablet0 paddingLeftRightMobile0 backgroundNoRepeat backgroundCover alturaDefault\"><div class=\"container\"><div class=\"wrapper-inner-blocks\">\n<section class=\"wp-block-agctexdomain-columnas-agcblocks alignwide columnas col-1 col-1-a paddingTopBottom0 paddingTopBottomTablet0 paddingTopBottomMobile0 alturaDefault\"><div class=\"container\">\n<div class=\"wp-block-agctexdomain-columna-agcblocks Columna ag-animation css-animacionNone alineacion-vertical-top\" data-ag-animation=\"animacionNone\" style=\"text-align:left\"><div class=\"ColumnaContent paddingTopBottom0 paddingTopBottomTablet0 paddingTopBottomMobile0 paddingLeftRight20 paddingLeftRightTablet20 paddingLeftRightMobile20\">\n<h2 class=\"wp-block-heading\" style=\"text-transform:uppercase\">our achievements<\/h2>\n\n\n\n<div style=\"height:15px\" aria-hidden=\"true\" class=\"wp-block-spacer\"><\/div>\n\n\n\n<p>Over the years, our partners have been involved in a range of prominent projects, from concept development and construction to marketing and permits. Some of our notable projects include:<\/p>\n<\/div> <\/div>\n<\/div> <div class=\"bg-forma bg-forma-display-none\"><\/div><\/section>\n\n\n\n<section class=\"wp-block-agctexdomain-columnas-agcblocks alignwide columnas col-2 col-2-a paddingTopBottom0 paddingTopBottomTablet0 paddingTopBottomMobile0 alturaDefault\"><div class=\"container\">\n<div class=\"wp-block-agctexdomain-columna-agcblocks Columna ag-animation css-animacionNone alineacion-vertical-top\" data-ag-animation=\"animacionNone\" style=\"text-align:left\"><div class=\"ColumnaContent paddingTopBottom0 paddingTopBottomTablet0 paddingTopBottomMobile0 paddingLeftRight20 paddingLeftRightTablet20 paddingLeftRightMobile20\">\n<p><strong>Concept development, marketing, and construction<\/strong>:<\/p>\n\n\n\n<p>\u25cf&nbsp; Amares Riviera Maya<\/p>\n\n\n\n<p>\u25cf&nbsp; Lunara Riviera Maya<\/p>\n\n\n\n<p><strong>Concept development and marketing<\/strong>:<\/p>\n\n\n\n<p>\u25cf&nbsp; Bah\u00eda Pr\u00edncipe Residencial<\/p>\n\n\n\n<p>\u25cf&nbsp; Akumal Bay Resort y Spa<\/p>\n\n\n\n<p>\u25cf&nbsp; Isla Real \/ Isla Dorada<\/p>\n\n\n\n<p>\u25cf&nbsp; Puerto Canc\u00fan, Masterplan<\/p>\n\n\n\n<p>\u25cf&nbsp; Puerto Aventuras, planeci\u00f3n proyectos y comercializaci\u00f3n de lotes y condominios<\/p>\n\n\n\n<p>\u25cf&nbsp; Playacar, Masterplan, Comercializaci\u00f3n<\/p>\n\n\n\n<p>\u25cf&nbsp; Maralago Canc\u00fan, Dise\u00f1o proyecto y comercializaci\u00f3n<\/p>\n\n\n\n<p>\u25cf&nbsp; Emerald Spa &amp; Towers Canc\u00fan, Dise\u00f1o proyecto y comercializaci\u00f3n<\/p>\n\n\n\n<p>\u25cf&nbsp; Olas Canc\u00fan, Dise\u00f1o proyecto y comercializaci\u00f3n<\/p>\n\n\n\n<p>\u25cf&nbsp; Isla Para\u00edso, Isla Dorada, Dise\u00f1o proyecto y comercializaci\u00f3n<\/p>\n\n\n\n<p><\/p>\n\n\n\n<p><\/p>\n<\/div> <\/div>\n\n\n\n<div class=\"wp-block-agctexdomain-columna-agcblocks Columna ag-animation css-animacionNone alineacion-vertical-top\" data-ag-animation=\"animacionNone\" style=\"text-align:left\"><div class=\"ColumnaContent paddingTopBottom0 paddingTopBottomTablet0 paddingTopBottomMobile0 paddingLeftRight20 paddingLeftRightTablet20 paddingLeftRightMobile20\">\n<p><strong>Marketing:<\/strong><\/p>\n\n\n\n<p>\u25cf&nbsp; Malec\u00f3n Americas<\/p>\n\n\n\n<p>\u25cf&nbsp; Sky Canc\u00fan Residences<\/p>\n\n\n\n<p>\u25cf&nbsp; Menesse Condos Playa del Carmen<\/p>\n\n\n\n<p>\u25cf&nbsp; Gran Pen\u00ednsula Puerto Aventuras<\/p>\n\n\n\n<p>\u25cf&nbsp; Villa de Mar 1 &amp; 2 Puerto Aventuras<\/p>\n\n\n\n<p>\u25cf&nbsp; Olas Vallarta<\/p>\n\n\n\n<p>\u25cf&nbsp; Gran Venetian Vallarta<\/p>\n\n\n\n<p>\u25cf&nbsp; Punta Arena Los Cabos<\/p>\n\n\n\n<p>\u25cf&nbsp; Mirador Los Cabos<\/p>\n\n\n\n<p>\u25cf&nbsp; Torre Mistral CDMX<\/p>\n\n\n\n<p>\u25cf&nbsp; Torre Siroco CDMX<\/p>\n\n\n\n<p><strong>Permits and environmental management<\/strong><\/p>\n\n\n\n<p>\u25cf&nbsp; Bah\u00eda Pr\u00edncipe Hoteles<\/p>\n\n\n\n<p>\u25cf&nbsp; Bah\u00eda Pr\u00edncipe Residencial<\/p>\n\n\n\n<p>\u25cf&nbsp; Fiesta Americana Chemuyil<\/p>\n\n\n\n<p>\u25cf&nbsp; Live Aqua Private Residences Los Cabos<\/p>\n\n\n\n<p>\u25cf&nbsp; Fiesta Americana Acapulco Diamante<\/p>\n\n\n\n<p>\u25cf&nbsp; The Fives Playa del Carmen<\/p>\n\n\n\n<p>\u25cf&nbsp; The Fives Downtown Puerto Morelos<\/p>\n\n\n\n<p>\u25cf&nbsp; Park Hyatt Cabo del Sol, Los Cabos<\/p>\n\n\n\n<p>\u25cf&nbsp; Four Seasons Cabo del Sol, Los Cabos<\/p>\n\n\n\n<p>\u25cf&nbsp; Akumal Bay Resort y Spa<\/p>\n<\/div> <\/div>\n<\/div> <div class=\"bg-forma bg-forma-display-none\"><\/div><\/section>\n\n\n\n<section class=\"wp-block-agctexdomain-columnas-agcblocks alignwide columnas col-1 col-1-a paddingTopBottom0 paddingTopBottomTablet0 paddingTopBottomMobile0 alturaDefault\"><div class=\"container\">\n<div class=\"wp-block-agctexdomain-columna-agcblocks Columna ag-animation css-animacionNone alineacion-vertical-top\" data-ag-animation=\"animacionNone\" style=\"text-align:left\"><div class=\"ColumnaContent paddingTopBottom0 paddingTopBottomTablet0 paddingTopBottomMobile0 paddingLeftRight20 paddingLeftRightTablet20 paddingLeftRightMobile20\">\n<p>At Four Cardinals, we are committed to excellence and the creation of exceptional communities. Our passion for development and innovation drives us to continue building a lasting legacy in the industry.<\/p>\n<\/div> <\/div>\n<\/div> <div class=\"bg-forma bg-forma-display-none\"><\/div><\/section>\n<\/div><\/div> <div class=\"bg-forma\"><\/div><\/section>\n","protected":false},"excerpt":{"rendered":"","protected":false},"author":1,"featured_media":0,"parent":0,"menu_order":0,"comment_status":"closed","ping_status":"closed","template":"","meta":{"_acf_changed":false,"footnotes":""},"class_list":["post-652","page","type-page","status-publish","hentry"],"acf":[],"_links":{"self":[{"href":"https:\/\/lunararivieramaya.com\/en\/wp-json\/wp\/v2\/pages\/652","targetHints":{"allow":["GET"]}}],"collection":[{"href":"https:\/\/lunararivieramaya.com\/en\/wp-json\/wp\/v2\/pages"}],"about":[{"href":"https:\/\/lunararivieramaya.com\/en\/wp-json\/wp\/v2\/types\/page"}],"author":[{"embeddable":true,"href":"https:\/\/lunararivieramaya.com\/en\/wp-json\/wp\/v2\/users\/1"}],"replies":[{"embeddable":true,"href":"https:\/\/lunararivieramaya.com\/en\/wp-json\/wp\/v2\/comments?post=652"}],"version-history":[{"count":6,"href":"https:\/\/lunararivieramaya.com\/en\/wp-json\/wp\/v2\/pages\/652\/revisions"}],"predecessor-version":[{"id":729,"href":"https:\/\/lunararivieramaya.com\/en\/wp-json\/wp\/v2\/pages\/652\/revisions\/729"}],"wp:attachment":[{"href":"https:\/\/lunararivieramaya.com\/en\/wp-json\/wp\/v2\/media?parent=652"}],"curies":[{"name":"wp","href":"https:\/\/api.w.org\/{rel}","templated":true}]}}