{"id":642,"date":"2023-10-09T10:57:17","date_gmt":"2023-10-09T15:57:17","guid":{"rendered":"https:\/\/lunararivieramaya.com\/rewards\/"},"modified":"2025-08-13T17:50:19","modified_gmt":"2025-08-13T22:50:19","slug":"rewards","status":"publish","type":"page","link":"https:\/\/lunararivieramaya.com\/en\/rewards\/","title":{"rendered":"Member Rewards"},"content":{"rendered":"\n<section class=\"wp-block-agctexdomain-wrapper-agcblocks alignwide paddingTopBottom50 paddingTopBottomTablet50 paddingTopBottomMobile50 paddingLeftRight0 paddingLeftRightTablet0 paddingLeftRightMobile0 backgroundNoRepeat backgroundCover alturaDefault\"><div class=\"container\"><div class=\"wrapper-inner-blocks\">\n<section class=\"wp-block-agctexdomain-columnas-agcblocks alignwide columnas col-1 col-1-a paddingTopBottom0 paddingTopBottomTablet0 paddingTopBottomMobile0 alturaDefault\"><div class=\"container\">\n<div class=\"wp-block-agctexdomain-columna-agcblocks Columna ag-animation css-animacionNone alineacion-vertical-top\" data-ag-animation=\"animacionNone\" style=\"text-align:left\"><div class=\"ColumnaContent paddingTopBottom0 paddingTopBottomTablet0 paddingTopBottomMobile0 paddingLeftRight20 paddingLeftRightTablet20 paddingLeftRightMobile20\">\n<h2 class=\"wp-block-heading has-text-align-center\">LUNARA MEMBER REWARDS<\/h2>\n\n\n\n<section class=\"wp-block-agctexdomain-wrapper-agcblocks alignwide paddingTopBottom0 paddingTopBottomTablet0 paddingTopBottomMobile0 paddingLeftRight0 paddingLeftRightTablet0 paddingLeftRightMobile0 backgroundNoRepeat backgroundCover alturaDefault\"><div class=\"container\"><div class=\"wrapper-inner-blocks\" style=\"max-width:860px\">\n<p class=\"has-text-align-center\">Descubre una experiencia \u00fanica que combina belleza natural con comodidades incomparables y servicios de primera clase. Como LUNARA MEMBER REWARDS te sumergir\u00e1s en un oasis de privilegios dise\u00f1ados para hacer que tu vida sea a\u00fan m\u00e1s placentera.<\/p>\n<\/div><\/div> <div class=\"bg-forma\"><\/div><\/section>\n<\/div> <\/div>\n<\/div> <div class=\"bg-forma bg-forma-display-none\"><\/div><\/section>\n<\/div><\/div> <div class=\"bg-forma\"><\/div><\/section>\n\n\n\n<section class=\"wp-block-agctexdomain-wrapper-agcblocks alignwide paddingTopBottom0 paddingTopBottomTablet0 paddingTopBottomMobile0 paddingLeftRight0 paddingLeftRightTablet0 paddingLeftRightMobile0 backgroundNoRepeat backgroundCover alturaDefault\"><div class=\"container\"><div class=\"wrapper-inner-blocks\">\n<section class=\"wp-block-agctexdomain-columnas-agcblocks alignwide columnas col-3 col-3-a paddingTopBottom0 paddingTopBottomTablet0 paddingTopBottomMobile0 alturaDefault\"><div class=\"container\">\n<div class=\"wp-block-agctexdomain-columna-agcblocks Columna ag-animation css-fadeInUp alineacion-vertical-top\" data-ag-animation=\"fadeInUp\" style=\"text-align:left\"><div class=\"ColumnaContent paddingTopBottom0 paddingTopBottomTablet0 paddingTopBottomMobile0 paddingLeftRight10 paddingLeftRightTablet20 paddingLeftRightMobile20\">\n<figure class=\"wp-block-image alignfull size-full enlace-servicios\"><a href=\"https:\/\/lunararivieramaya.com\/en\/rewards\/dining\/\"><img loading=\"lazy\" decoding=\"async\" width=\"345\" height=\"345\" src=\"https:\/\/lunararivieramaya.com\/wp-content\/uploads\/2023\/10\/CENAS.jpg\" alt=\"\" class=\"wp-image-320\" srcset=\"https:\/\/lunararivieramaya.com\/wp-content\/uploads\/2023\/10\/CENAS.jpg 345w, https:\/\/lunararivieramaya.com\/wp-content\/uploads\/2023\/10\/CENAS-320x320.jpg 320w\" sizes=\"auto, (max-width: 345px) 100vw, 345px\" \/><\/a><figcaption class=\"wp-element-caption\">DINING SELECTION<\/figcaption><\/figure>\n\n\n\n<div style=\"height:15px\" aria-hidden=\"true\" class=\"wp-block-spacer\"><\/div>\n<\/div> <\/div>\n\n\n\n<div class=\"wp-block-agctexdomain-columna-agcblocks Columna ag-animation css-fadeInUp alineacion-vertical-top\" data-ag-animation=\"fadeInUp\" style=\"text-align:left\"><div class=\"ColumnaContent paddingTopBottom0 paddingTopBottomTablet0 paddingTopBottomMobile0 paddingLeftRight10 paddingLeftRightTablet20 paddingLeftRightMobile20\">\n<figure class=\"wp-block-image alignfull size-full enlace-servicios\"><a href=\"https:\/\/lunararivieramaya.com\/en\/rewards\/beach-clubs\/\"><img loading=\"lazy\" decoding=\"async\" width=\"345\" height=\"345\" src=\"https:\/\/lunararivieramaya.com\/wp-content\/uploads\/2023\/10\/BEACHCLUB.jpg\" alt=\"\" class=\"wp-image-322\" srcset=\"https:\/\/lunararivieramaya.com\/wp-content\/uploads\/2023\/10\/BEACHCLUB.jpg 345w, https:\/\/lunararivieramaya.com\/wp-content\/uploads\/2023\/10\/BEACHCLUB-320x320.jpg 320w\" sizes=\"auto, (max-width: 345px) 100vw, 345px\" \/><\/a><figcaption class=\"wp-element-caption\">BEACH CLUBS<\/figcaption><\/figure>\n\n\n\n<div style=\"height:15px\" aria-hidden=\"true\" class=\"wp-block-spacer\"><\/div>\n<\/div> <\/div>\n\n\n\n<div class=\"wp-block-agctexdomain-columna-agcblocks Columna ag-animation css-fadeInUp alineacion-vertical-top\" data-ag-animation=\"fadeInUp\" style=\"text-align:left\"><div class=\"ColumnaContent paddingTopBottom0 paddingTopBottomTablet0 paddingTopBottomMobile0 paddingLeftRight10 paddingLeftRightTablet20 paddingLeftRightMobile20\">\n<figure class=\"wp-block-image alignwide size-full enlace-servicios\"><a href=\"https:\/\/lunararivieramaya.com\/en\/rewards\/theme-parks\/\"><img loading=\"lazy\" decoding=\"async\" width=\"345\" height=\"345\" src=\"https:\/\/lunararivieramaya.com\/wp-content\/uploads\/2023\/10\/parque_Tematico.jpg\" alt=\"\" class=\"wp-image-324\" srcset=\"https:\/\/lunararivieramaya.com\/wp-content\/uploads\/2023\/10\/parque_Tematico.jpg 345w, https:\/\/lunararivieramaya.com\/wp-content\/uploads\/2023\/10\/parque_Tematico-320x320.jpg 320w\" sizes=\"auto, (max-width: 345px) 100vw, 345px\" \/><\/a><figcaption class=\"wp-element-caption\">THEME PARKS<\/figcaption><\/figure>\n\n\n\n<div style=\"height:15px\" aria-hidden=\"true\" class=\"wp-block-spacer\"><\/div>\n<\/div> <\/div>\n<\/div> <div class=\"bg-forma bg-forma-display-none\"><\/div><\/section>\n\n\n\n<section class=\"wp-block-agctexdomain-columnas-agcblocks alignwide columnas col-3 col-3-a paddingTopBottom0 paddingTopBottomTablet0 paddingTopBottomMobile0 alturaDefault\"><div class=\"container\">\n<div class=\"wp-block-agctexdomain-columna-agcblocks Columna ag-animation css-fadeInUp alineacion-vertical-top\" data-ag-animation=\"fadeInUp\" style=\"text-align:left\"><div class=\"ColumnaContent paddingTopBottom0 paddingTopBottomTablet0 paddingTopBottomMobile0 paddingLeftRight10 paddingLeftRightTablet20 paddingLeftRightMobile20\">\n<figure class=\"wp-block-image alignfull size-full enlace-servicios\"><a href=\"https:\/\/lunararivieramaya.com\/en\/rewards\/transportation\/\"><img loading=\"lazy\" decoding=\"async\" width=\"345\" height=\"345\" src=\"https:\/\/lunararivieramaya.com\/wp-content\/uploads\/2023\/10\/RENTACARROS.jpg\" alt=\"\" class=\"wp-image-321\" srcset=\"https:\/\/lunararivieramaya.com\/wp-content\/uploads\/2023\/10\/RENTACARROS.jpg 345w, https:\/\/lunararivieramaya.com\/wp-content\/uploads\/2023\/10\/RENTACARROS-320x320.jpg 320w\" sizes=\"auto, (max-width: 345px) 100vw, 345px\" \/><\/a><figcaption class=\"wp-element-caption\">TRANSPORTATION<\/figcaption><\/figure>\n\n\n\n<div style=\"height:15px\" aria-hidden=\"true\" class=\"wp-block-spacer\"><\/div>\n<\/div> <\/div>\n\n\n\n<div class=\"wp-block-agctexdomain-columna-agcblocks Columna ag-animation css-fadeInUp alineacion-vertical-top\" data-ag-animation=\"fadeInUp\" style=\"text-align:left\"><div class=\"ColumnaContent paddingTopBottom0 paddingTopBottomTablet0 paddingTopBottomMobile0 paddingLeftRight10 paddingLeftRightTablet20 paddingLeftRightMobile20\">\n<figure class=\"wp-block-image alignfull size-full enlace-servicios\"><a href=\"https:\/\/lunararivieramaya.com\/en\/rewards\/tours\/\"><img loading=\"lazy\" decoding=\"async\" width=\"345\" height=\"345\" src=\"https:\/\/lunararivieramaya.com\/wp-content\/uploads\/2023\/10\/CENOTES.jpg\" alt=\"\" class=\"wp-image-319\" srcset=\"https:\/\/lunararivieramaya.com\/wp-content\/uploads\/2023\/10\/CENOTES.jpg 345w, https:\/\/lunararivieramaya.com\/wp-content\/uploads\/2023\/10\/CENOTES-320x320.jpg 320w\" sizes=\"auto, (max-width: 345px) 100vw, 345px\" \/><\/a><figcaption class=\"wp-element-caption\">TOURS<\/figcaption><\/figure>\n\n\n\n<div style=\"height:15px\" aria-hidden=\"true\" class=\"wp-block-spacer\"><\/div>\n<\/div> <\/div>\n\n\n\n<div class=\"wp-block-agctexdomain-columna-agcblocks Columna ag-animation css-fadeInUp alineacion-vertical-top\" data-ag-animation=\"fadeInUp\" style=\"text-align:left\"><div class=\"ColumnaContent paddingTopBottom0 paddingTopBottomTablet0 paddingTopBottomMobile0 paddingLeftRight10 paddingLeftRightTablet20 paddingLeftRightMobile20\">\n<figure class=\"wp-block-image alignfull size-full enlace-servicios\"><a href=\"https:\/\/lunararivieramaya.com\/en\/rewards\/hotels\/\"><img loading=\"lazy\" decoding=\"async\" width=\"345\" height=\"345\" src=\"https:\/\/lunararivieramaya.com\/wp-content\/uploads\/2023\/10\/hoteles.jpg\" alt=\"\" class=\"wp-image-323\" srcset=\"https:\/\/lunararivieramaya.com\/wp-content\/uploads\/2023\/10\/hoteles.jpg 345w, https:\/\/lunararivieramaya.com\/wp-content\/uploads\/2023\/10\/hoteles-320x320.jpg 320w\" sizes=\"auto, (max-width: 345px) 100vw, 345px\" \/><\/a><figcaption class=\"wp-element-caption\">HOTELS<\/figcaption><\/figure>\n\n\n\n<div style=\"height:15px\" aria-hidden=\"true\" class=\"wp-block-spacer\"><\/div>\n<\/div> <\/div>\n<\/div> <div class=\"bg-forma bg-forma-display-none\"><\/div><\/section>\n<\/div><\/div> <div class=\"bg-forma\"><\/div><\/section>\n\n\n\n<div style=\"height:80px\" aria-hidden=\"true\" class=\"wp-block-spacer\"><\/div>\n\n\n\n<section class=\"wp-block-agctexdomain-wrapper-agcblocks alignwide paddingTopBottom20 paddingTopBottomTablet20 paddingTopBottomMobile20 paddingLeftRight0 paddingLeftRightTablet0 paddingLeftRightMobile0 backgroundNoRepeat backgroundCover alturaDefault\"><div class=\"container\"><div class=\"wrapper-inner-blocks\">\n<div class=\"wp-block-group group-comunidad-contacto is-content-justification-center is-nowrap is-layout-flex wp-container-core-group-is-layout-079bfc22 wp-block-group-is-layout-flex\">\n<div class=\"wp-block-group\" style=\"padding-right:20px;padding-left:20px\"><div class=\"wp-block-group__inner-container is-layout-constrained wp-container-core-group-is-layout-86e79a2b wp-block-group-is-layout-constrained\">\n<p class=\"has-color-4-color has-text-color has-link-color wp-elements-180858d8b7d48208d121334ae3d6a8f7\"><strong>For more information for residents:<\/strong><br><a href=\"mailto:servicioaresidentes@amarescolonos.com\">servicioaresidentes@amarescolonos.com<\/a><br><a href=\"tel:529841777754\"><strong>+529841777754<\/strong><\/a><\/p>\n<\/div><\/div>\n\n\n\n<div class=\"wp-block-group\" style=\"padding-right:20px;padding-left:20px\"><div class=\"wp-block-group__inner-container is-layout-constrained wp-container-core-group-is-layout-86e79a2b wp-block-group-is-layout-constrained\">\n<div class=\"wp-block-buttons is-layout-flex wp-block-buttons-is-layout-flex\">\n<div class=\"wp-block-button is-style-btnC\"><a class=\"wp-block-button__link wp-element-button\" href=\"https:\/\/www.instagram.com\/lunararivieramaya?igsh=MTdwZ3NodDBwZGNnbw%3D%3D&amp;utm_source=qr\">Lunara Community<\/a><\/div>\n<\/div>\n<\/div><\/div>\n<\/div>\n<\/div><\/div> <div class=\"bg-forma\"><\/div><\/section>\n","protected":false},"excerpt":{"rendered":"","protected":false},"author":1,"featured_media":0,"parent":0,"menu_order":0,"comment_status":"open","ping_status":"open","template":"","meta":{"_acf_changed":false,"footnotes":""},"class_list":["post-642","page","type-page","status-publish","hentry"],"acf":[],"_links":{"self":[{"href":"https:\/\/lunararivieramaya.com\/en\/wp-json\/wp\/v2\/pages\/642","targetHints":{"allow":["GET"]}}],"collection":[{"href":"https:\/\/lunararivieramaya.com\/en\/wp-json\/wp\/v2\/pages"}],"about":[{"href":"https:\/\/lunararivieramaya.com\/en\/wp-json\/wp\/v2\/types\/page"}],"author":[{"embeddable":true,"href":"https:\/\/lunararivieramaya.com\/en\/wp-json\/wp\/v2\/users\/1"}],"replies":[{"embeddable":true,"href":"https:\/\/lunararivieramaya.com\/en\/wp-json\/wp\/v2\/comments?post=642"}],"version-history":[{"count":2,"href":"https:\/\/lunararivieramaya.com\/en\/wp-json\/wp\/v2\/pages\/642\/revisions"}],"predecessor-version":[{"id":1044,"href":"https:\/\/lunararivieramaya.com\/en\/wp-json\/wp\/v2\/pages\/642\/revisions\/1044"}],"wp:attachment":[{"href":"https:\/\/lunararivieramaya.com\/en\/wp-json\/wp\/v2\/media?parent=642"}],"curies":[{"name":"wp","href":"https:\/\/api.w.org\/{rel}","templated":true}]}}